{"id":2259,"date":"2020-11-12T12:14:29","date_gmt":"2020-11-12T12:14:29","guid":{"rendered":"https:\/\/www.eic.leswebatelistes.eu\/?page_id=2259"},"modified":"2025-10-29T15:59:00","modified_gmt":"2025-10-29T15:59:00","slug":"actualites-2","status":"publish","type":"page","link":"https:\/\/eic-france.fr\/?page_id=2259","title":{"rendered":"Actualit\u00e9s"},"content":{"rendered":"\t\t<div data-elementor-type=\"wp-page\" data-elementor-id=\"2259\" class=\"elementor elementor-2259\">\n\t\t\t\t\t\t<section class=\"elementor-section elementor-top-section elementor-element elementor-element-0e7315f elementor-section-boxed elementor-section-height-default elementor-section-height-default\" data-id=\"0e7315f\" data-element_type=\"section\" data-e-type=\"section\">\n\t\t\t\t\t\t<div class=\"elementor-container elementor-column-gap-default\">\n\t\t\t\t\t<div class=\"elementor-column elementor-col-100 elementor-top-column elementor-element elementor-element-60318f5\" data-id=\"60318f5\" data-element_type=\"column\" data-e-type=\"column\" data-settings=\"{&quot;background_background&quot;:&quot;slideshow&quot;,&quot;background_slideshow_gallery&quot;:[],&quot;background_slideshow_loop&quot;:&quot;yes&quot;,&quot;background_slideshow_slide_duration&quot;:5000,&quot;background_slideshow_slide_transition&quot;:&quot;fade&quot;,&quot;background_slideshow_transition_duration&quot;:500}\">\n\t\t\t<div class=\"elementor-widget-wrap elementor-element-populated\">\n\t\t\t\t\t\t<div class=\"elementor-element elementor-element-66a8501 elementor-grid-1 elementor-widget__width-initial elementor-grid-tablet-2 elementor-grid-mobile-1 elementor-widget elementor-widget-gyan_post_grid\" data-id=\"66a8501\" data-element_type=\"widget\" data-e-type=\"widget\" data-settings=\"{&quot;columns&quot;:&quot;1&quot;,&quot;columns_tablet&quot;:&quot;2&quot;,&quot;columns_mobile&quot;:&quot;1&quot;}\" data-widget_type=\"gyan_post_grid.default\">\n\t\t\t\t<div class=\"elementor-widget-container\">\n\t\t\t\t\t        <div class=\"gyan-post-grid-container gyan-post-grid-s1 gyan-post-grid-container-66a8501\" data-layout=\"grid\" data-rtl=\"false\">\n\n            \n            <div class=\"gyan-post-grid gyan-elementor-grid\">\n                \n<div class=\"gyan-post-grid-item gyan-grid-item-wrap cat-24\">\n    <div class=\"gyan-post-grid-item-inner gyan-grid-item\">\n\n        <div class=\"gyan-post-grid-item-holder gyan-ease-transition \">\n\n            \n                <div class=\"gyan-post-image\">\n\n                    <div class=\"gyan-post-grid-format\"><a href=\"https:\/\/eic-france.fr\/?p=2911\" class=\"gyan-post-grid-image gyan-ease-transition\"><img fetchpriority=\"high\" decoding=\"async\" width=\"1920\" height=\"792\" src=\"https:\/\/eic-france.fr\/wp-content\/uploads\/2025\/10\/Congres-International-des-Emailleurs-Paris-202629.jpg.png\" class=\"gyan-ease-transition\" alt=\"\" srcset=\"https:\/\/eic-france.fr\/wp-content\/uploads\/2025\/10\/Congres-International-des-Emailleurs-Paris-202629.jpg.png 1920w, https:\/\/eic-france.fr\/wp-content\/uploads\/2025\/10\/Congres-International-des-Emailleurs-Paris-202629.jpg-300x124.png 300w, https:\/\/eic-france.fr\/wp-content\/uploads\/2025\/10\/Congres-International-des-Emailleurs-Paris-202629.jpg-1024x422.png 1024w, https:\/\/eic-france.fr\/wp-content\/uploads\/2025\/10\/Congres-International-des-Emailleurs-Paris-202629.jpg-768x317.png 768w, https:\/\/eic-france.fr\/wp-content\/uploads\/2025\/10\/Congres-International-des-Emailleurs-Paris-202629.jpg-1536x634.png 1536w\" sizes=\"(max-width: 1920px) 100vw, 1920px\" \/><\/a><div class=\"gyan-post-grid-meta gyan-ease-transition\">\n        <ul><li><span class=\"gyan-postmeta-icon\"><i class=\"fas fa-eye\"><\/i><\/span><span class=\"gyan-postmeta-text\">32<\/span><\/li><li><span class=\"gyan-postmeta-icon\"><i class=\"fas fa-comment-dots\"><\/i><\/span><span class=\"gyan-postmeta-text\"><a href=\"https:\/\/eic-france.fr\/?p=2911#respond\">0<\/a><\/span><\/li><\/ul>\n    <\/div>\n    <div class=\"clear\"><\/div>                    <\/div>\n                <\/div>\n\n            \n            <div class=\"gyan-post-content-block gyan-ease-transition\">\n                <div class=\"gyan-post-title-section\">\n\n                        <div class=\"gyan-post-grid-content\">\n\n                            <div class=\"gyan-post-title\">\n                                <h2><a href=\"https:\/\/eic-france.fr\/?p=2911\">Congr\u00e8s International des Emailleurs Paris 2026 \u2013 APEV                                <\/a><\/h2>\n                            <\/div>\n\n                            \n                            \n                                <div class=\"gyan-post-list-excerpt\">\n                                    \u201cLe prochain Congr\u00e8s International des Emailleurs sera organis\u00e9 par l\u2019APEV et se d\u00e9roulera en France, \u00e0 Paris, du 1er au 4 juin 2026. Vous serez inform\u00e9s prochainement des modalit\u00e9s d\u2019inscription et de partenariat.\u201d                                <\/div>\n\n                            \n                            <div class=\"gyan-post-grid-c-button gyan-ease-transition\">\n                                <a href=\"https:\/\/eic-france.fr\/?p=2911\"><span><\/span><\/a>\n                            <\/div>\n\n                            \n                            <div class=\"clear\"><\/div>\n\n                        <\/div>\n\n                <\/div>\n                <div class=\"clear\"><\/div>\n            <\/div>\n            <div class=\"clear\"><\/div>\n        <\/div>\n\n    <\/div> <!-- gyan-post-grid-item-inner -->\n<\/div> <!-- gyan-post-grid-item -->\n\n<div class=\"clear\"><\/div>\n<div class=\"gyan-post-grid-item gyan-grid-item-wrap cat-24\">\n    <div class=\"gyan-post-grid-item-inner gyan-grid-item\">\n\n        <div class=\"gyan-post-grid-item-holder gyan-ease-transition \">\n\n            \n                <div class=\"gyan-post-image\">\n\n                    <div class=\"gyan-post-grid-format\"><a href=\"https:\/\/eic-france.fr\/?p=2920\" class=\"gyan-post-grid-image gyan-ease-transition\"><img decoding=\"async\" width=\"1816\" height=\"1022\" src=\"https:\/\/eic-france.fr\/wp-content\/uploads\/2025\/10\/Formation-2025.jpg\" class=\"gyan-ease-transition\" alt=\"\" srcset=\"https:\/\/eic-france.fr\/wp-content\/uploads\/2025\/10\/Formation-2025.jpg 1816w, https:\/\/eic-france.fr\/wp-content\/uploads\/2025\/10\/Formation-2025-300x169.jpg 300w, https:\/\/eic-france.fr\/wp-content\/uploads\/2025\/10\/Formation-2025-1024x576.jpg 1024w, https:\/\/eic-france.fr\/wp-content\/uploads\/2025\/10\/Formation-2025-768x432.jpg 768w, https:\/\/eic-france.fr\/wp-content\/uploads\/2025\/10\/Formation-2025-1536x864.jpg 1536w\" sizes=\"(max-width: 1816px) 100vw, 1816px\" \/><\/a><div class=\"gyan-post-grid-meta gyan-ease-transition\">\n        <ul><li><span class=\"gyan-postmeta-icon\"><i class=\"fas fa-eye\"><\/i><\/span><span class=\"gyan-postmeta-text\">32<\/span><\/li><li><span class=\"gyan-postmeta-icon\"><i class=\"fas fa-comment-dots\"><\/i><\/span><span class=\"gyan-postmeta-text\"><a href=\"https:\/\/eic-france.fr\/?p=2920#respond\">0<\/a><\/span><\/li><\/ul>\n    <\/div>\n    <div class=\"clear\"><\/div>                    <\/div>\n                <\/div>\n\n            \n            <div class=\"gyan-post-content-block gyan-ease-transition\">\n                <div class=\"gyan-post-title-section\">\n\n                        <div class=\"gyan-post-grid-content\">\n\n                            <div class=\"gyan-post-title\">\n                                <h2><a href=\"https:\/\/eic-france.fr\/?p=2920\">EIC France \u00e0 la formation APEV 2025                                <\/a><\/h2>\n                            <\/div>\n\n                            \n                            \n                                <div class=\"gyan-post-list-excerpt\">\n                                    \u00abBruges, chef-lieu de la province de Flandre occidentale, est r\u00e9put\u00e9e pour son remarquable patrimoine m\u00e9di\u00e9val, ses canaux pittoresques, son atmosph\u00e8re romantique ainsi que la production de dentelle et de chocolat. Destination incontournable, Bruges, souvent surnomm\u00e9e la \u00ab\u00a0Venise du Nord\u00a0\u00bb en raison des multiples canaux qui la traverse, abrite le si\u00e8ge [&hellip;]                                <\/div>\n\n                            \n                            <div class=\"gyan-post-grid-c-button gyan-ease-transition\">\n                                <a href=\"https:\/\/eic-france.fr\/?p=2920\"><span><\/span><\/a>\n                            <\/div>\n\n                            \n                            <div class=\"clear\"><\/div>\n\n                        <\/div>\n\n                <\/div>\n                <div class=\"clear\"><\/div>\n            <\/div>\n            <div class=\"clear\"><\/div>\n        <\/div>\n\n    <\/div> <!-- gyan-post-grid-item-inner -->\n<\/div> <!-- gyan-post-grid-item -->\n\n<div class=\"clear\"><\/div>\n<div class=\"gyan-post-grid-item gyan-grid-item-wrap cat-24\">\n    <div class=\"gyan-post-grid-item-inner gyan-grid-item\">\n\n        <div class=\"gyan-post-grid-item-holder gyan-ease-transition \">\n\n            \n                <div class=\"gyan-post-image\">\n\n                    <div class=\"gyan-post-grid-format\"><a href=\"https:\/\/eic-france.fr\/?p=2877\" class=\"gyan-post-grid-image gyan-ease-transition\"><img decoding=\"async\" width=\"2400\" height=\"1800\" src=\"https:\/\/eic-france.fr\/wp-content\/uploads\/2025\/10\/FORMATION-APEV-202265.jpg.png\" class=\"gyan-ease-transition\" alt=\"\" srcset=\"https:\/\/eic-france.fr\/wp-content\/uploads\/2025\/10\/FORMATION-APEV-202265.jpg.png 2400w, https:\/\/eic-france.fr\/wp-content\/uploads\/2025\/10\/FORMATION-APEV-202265.jpg-300x225.png 300w, https:\/\/eic-france.fr\/wp-content\/uploads\/2025\/10\/FORMATION-APEV-202265.jpg-1024x768.png 1024w, https:\/\/eic-france.fr\/wp-content\/uploads\/2025\/10\/FORMATION-APEV-202265.jpg-768x576.png 768w, https:\/\/eic-france.fr\/wp-content\/uploads\/2025\/10\/FORMATION-APEV-202265.jpg-1536x1152.png 1536w, https:\/\/eic-france.fr\/wp-content\/uploads\/2025\/10\/FORMATION-APEV-202265.jpg-2048x1536.png 2048w\" sizes=\"(max-width: 2400px) 100vw, 2400px\" \/><\/a><div class=\"gyan-post-grid-meta gyan-ease-transition\">\n        <ul><li><span class=\"gyan-postmeta-icon\"><i class=\"fas fa-eye\"><\/i><\/span><span class=\"gyan-postmeta-text\">32<\/span><\/li><li><span class=\"gyan-postmeta-icon\"><i class=\"fas fa-comment-dots\"><\/i><\/span><span class=\"gyan-postmeta-text\"><a href=\"https:\/\/eic-france.fr\/?p=2877#respond\">0<\/a><\/span><\/li><\/ul>\n    <\/div>\n    <div class=\"clear\"><\/div>                    <\/div>\n                <\/div>\n\n            \n            <div class=\"gyan-post-content-block gyan-ease-transition\">\n                <div class=\"gyan-post-title-section\">\n\n                        <div class=\"gyan-post-grid-content\">\n\n                            <div class=\"gyan-post-title\">\n                                <h2><a href=\"https:\/\/eic-france.fr\/?p=2877\">EIC France \u00e0 la formation APEV 2022                                <\/a><\/h2>\n                            <\/div>\n\n                            \n                            \n                                <div class=\"gyan-post-list-excerpt\">\n                                    C\u2019est au c\u0153ur du parc naturel r\u00e9gional des Vosges du Nord,\u00a0dans le charmant village de La Petite Pierre, situ\u00e9 sur un \u00e9peron de gr\u00e8s rose au milieu d\u2019une belle et grande for\u00eat de sapins,\u00a0que s\u2019est tenue la session 2022 de la formation APEV les 13 et 14 octobre derniers, et [&hellip;]                                <\/div>\n\n                            \n                            <div class=\"gyan-post-grid-c-button gyan-ease-transition\">\n                                <a href=\"https:\/\/eic-france.fr\/?p=2877\"><span><\/span><\/a>\n                            <\/div>\n\n                            \n                            <div class=\"clear\"><\/div>\n\n                        <\/div>\n\n                <\/div>\n                <div class=\"clear\"><\/div>\n            <\/div>\n            <div class=\"clear\"><\/div>\n        <\/div>\n\n    <\/div> <!-- gyan-post-grid-item-inner -->\n<\/div> <!-- gyan-post-grid-item -->\n\n<div class=\"clear\"><\/div>\n<div class=\"gyan-post-grid-item gyan-grid-item-wrap cat-24\">\n    <div class=\"gyan-post-grid-item-inner gyan-grid-item\">\n\n        <div class=\"gyan-post-grid-item-holder gyan-ease-transition \">\n\n            \n                <div class=\"gyan-post-image\">\n\n                    <div class=\"gyan-post-grid-format\"><a href=\"https:\/\/eic-france.fr\/?p=191\" class=\"gyan-post-grid-image gyan-ease-transition\"><img loading=\"lazy\" decoding=\"async\" width=\"2560\" height=\"1920\" src=\"https:\/\/eic-france.fr\/wp-content\/uploads\/2019\/10\/photo-collective-stagiaires-apev-formation-2020-scaled.jpg\" class=\"gyan-ease-transition\" alt=\"\" srcset=\"https:\/\/eic-france.fr\/wp-content\/uploads\/2019\/10\/photo-collective-stagiaires-apev-formation-2020-scaled.jpg 2560w, https:\/\/eic-france.fr\/wp-content\/uploads\/2019\/10\/photo-collective-stagiaires-apev-formation-2020-300x225.jpg 300w, https:\/\/eic-france.fr\/wp-content\/uploads\/2019\/10\/photo-collective-stagiaires-apev-formation-2020-1024x768.jpg 1024w, https:\/\/eic-france.fr\/wp-content\/uploads\/2019\/10\/photo-collective-stagiaires-apev-formation-2020-768x576.jpg 768w, https:\/\/eic-france.fr\/wp-content\/uploads\/2019\/10\/photo-collective-stagiaires-apev-formation-2020-1536x1152.jpg 1536w, https:\/\/eic-france.fr\/wp-content\/uploads\/2019\/10\/photo-collective-stagiaires-apev-formation-2020-2048x1536.jpg 2048w\" sizes=\"(max-width: 2560px) 100vw, 2560px\" \/><\/a><div class=\"gyan-post-grid-meta gyan-ease-transition\">\n        <ul><li><span class=\"gyan-postmeta-icon\"><i class=\"fas fa-eye\"><\/i><\/span><span class=\"gyan-postmeta-text\">32<\/span><\/li><li><span class=\"gyan-postmeta-icon\"><i class=\"fas fa-comment-dots\"><\/i><\/span><span class=\"gyan-postmeta-text\"><a href=\"https:\/\/eic-france.fr\/?p=191#respond\">0<\/a><\/span><\/li><\/ul>\n    <\/div>\n    <div class=\"clear\"><\/div>                    <\/div>\n                <\/div>\n\n            \n            <div class=\"gyan-post-content-block gyan-ease-transition\">\n                <div class=\"gyan-post-title-section\">\n\n                        <div class=\"gyan-post-grid-content\">\n\n                            <div class=\"gyan-post-title\">\n                                <h2><a href=\"https:\/\/eic-france.fr\/?p=191\">EIC France \u00e0 la formation APEV 2020 \u00e0 Belfort                                <\/a><\/h2>\n                            <\/div>\n\n                            \n                            \n                                <div class=\"gyan-post-list-excerpt\">\n                                    Les 15 et 16 octobre 2020, une d\u00e9l\u00e9gation de 4 personnes d\u2019EIC France ont particip\u00e9 \u00e0 la formation annuelle dispens\u00e9e par l\u2019APEV (Association Pour l\u2019Email Vitrifi\u00e9). Ces deux jours ont permis de former les participants sur diff\u00e9rents th\u00e8mes concernant l\u2019\u00e9mail. Plusieurs expos\u00e9s ont \u00e9t\u00e9 pr\u00e9sent\u00e9s par diff\u00e9rents acteurs de notre [&hellip;]                                <\/div>\n\n                            \n                            <div class=\"gyan-post-grid-c-button gyan-ease-transition\">\n                                <a href=\"https:\/\/eic-france.fr\/?p=191\"><span><\/span><\/a>\n                            <\/div>\n\n                            \n                            <div class=\"clear\"><\/div>\n\n                        <\/div>\n\n                <\/div>\n                <div class=\"clear\"><\/div>\n            <\/div>\n            <div class=\"clear\"><\/div>\n        <\/div>\n\n    <\/div> <!-- gyan-post-grid-item-inner -->\n<\/div> <!-- gyan-post-grid-item -->\n\n<div class=\"clear\"><\/div>            <\/div><div class=\"clear\"><\/div>\n        <\/div>\n\n                      <div class=\"gyan-pagination-holder\"><\/div>\n        \n        \t\t\t\t<\/div>\n\t\t\t\t<\/div>\n\t\t\t\t\t<\/div>\n\t\t<\/div>\n\t\t\t\t\t<\/div>\n\t\t<\/section>\n\t\t\t\t<\/div>\n\t\t","protected":false},"excerpt":{"rendered":"<p>0 0 Congr\u00e8s International des Emailleurs Paris 2026 &#8211; APEV \u201cLe prochain Congr\u00e8s International des Emailleurs sera organis\u00e9 par l\u2019APEV et se d\u00e9roulera en France, \u00e0 Paris, du 1er au 4 juin 2026. Vous serez inform\u00e9s prochainement des modalit\u00e9s d\u2019inscription et de partenariat.\u201d 32 0 EIC France \u00e0 la formation [&hellip;]<\/p>\n","protected":false},"author":1,"featured_media":0,"parent":0,"menu_order":0,"comment_status":"closed","ping_status":"closed","template":"elementor_header_footer","meta":{"footnotes":""},"class_list":["post-2259","page","type-page","status-publish","hentry"],"_links":{"self":[{"href":"https:\/\/eic-france.fr\/index.php?rest_route=\/wp\/v2\/pages\/2259","targetHints":{"allow":["GET"]}}],"collection":[{"href":"https:\/\/eic-france.fr\/index.php?rest_route=\/wp\/v2\/pages"}],"about":[{"href":"https:\/\/eic-france.fr\/index.php?rest_route=\/wp\/v2\/types\/page"}],"author":[{"embeddable":true,"href":"https:\/\/eic-france.fr\/index.php?rest_route=\/wp\/v2\/users\/1"}],"replies":[{"embeddable":true,"href":"https:\/\/eic-france.fr\/index.php?rest_route=%2Fwp%2Fv2%2Fcomments&post=2259"}],"version-history":[{"count":70,"href":"https:\/\/eic-france.fr\/index.php?rest_route=\/wp\/v2\/pages\/2259\/revisions"}],"predecessor-version":[{"id":2901,"href":"https:\/\/eic-france.fr\/index.php?rest_route=\/wp\/v2\/pages\/2259\/revisions\/2901"}],"wp:attachment":[{"href":"https:\/\/eic-france.fr\/index.php?rest_route=%2Fwp%2Fv2%2Fmedia&parent=2259"}],"curies":[{"name":"wp","href":"https:\/\/api.w.org\/{rel}","templated":true}]}}